  {"id":2753,"date":"2026-05-02T17:53:37","date_gmt":"2026-05-02T17:53:37","guid":{"rendered":"https:\/\/brosseau-transactions.com\/?page_id=2753"},"modified":"2026-05-05T15:24:28","modified_gmt":"2026-05-05T15:24:28","slug":"depot-dannonces","status":"publish","type":"page","link":"https:\/\/brosseau-transactions.com\/en\/depot-dannonces\/","title":{"rendered":"D\u00e9p\u00f4t d&rsquo;annonces"},"content":{"rendered":"<div style=\"height:263px\" aria-hidden=\"true\" class=\"wp-block-spacer\"><\/div>\n\n\n\t<div class=\"ere-access-denied\">\n\t\t<div class=\"ere-message alert alert-success\" role=\"alert\">\n\t\t\t\t\t\t\t\t<p class=\"ere-account-sign-in\">You need login to continue.\t\t\t\t\t\t<button title=\"Login Or Register\"\n\t\t\t\t\t\t        type=\"button\" class=\"btn btn-primary btn-sm\" data-toggle=\"modal\"\n\t\t\t\t\t\t        data-target=\"#ere_signin_modal\">\n\t\t\t\t\t\t\tLogin Or Register\t\t\t\t\t\t<\/button>\n\t\t\t\t\t<\/p>\n\t\t\t\t\t<\/div>\n\t\t\t\t<a class=\"btn btn-default\" href=\"https:\/\/brosseau-transactions.com\/en\"\n\t\t   title=\"Go to Home Page\">Home Page<\/a>\n\t<\/div>\n\n\n\n\n<div style=\"height:131px\" aria-hidden=\"true\" class=\"wp-block-spacer\"><\/div>","protected":false},"excerpt":{"rendered":"","protected":false},"author":1,"featured_media":0,"parent":0,"menu_order":0,"comment_status":"closed","ping_status":"closed","template":"","meta":{"site-sidebar-layout":"default","site-content-layout":"","ast-site-content-layout":"default","site-content-style":"default","site-sidebar-style":"default","ast-global-header-display":"","ast-banner-title-visibility":"","ast-main-header-display":"","ast-hfb-above-header-display":"","ast-hfb-below-header-display":"","ast-hfb-mobile-header-display":"","site-post-title":"","ast-breadcrumbs-content":"","ast-featured-img":"","footer-sml-layout":"","ast-disable-related-posts":"","theme-transparent-header-meta":"","adv-header-id-meta":"","stick-header-meta":"","header-above-stick-meta":"","header-main-stick-meta":"","header-below-stick-meta":"","astra-migrate-meta-layouts":"default","ast-page-background-enabled":"default","ast-page-background-meta":{"desktop":{"background-color":"var(--ast-global-color-5)","background-image":"","background-repeat":"repeat","background-position":"center center","background-size":"auto","background-attachment":"scroll","background-type":"","background-media":"","overlay-type":"","overlay-color":"","overlay-opacity":"","overlay-gradient":""},"tablet":{"background-color":"","background-image":"","background-repeat":"repeat","background-position":"center center","background-size":"auto","background-attachment":"scroll","background-type":"","background-media":"","overlay-type":"","overlay-color":"","overlay-opacity":"","overlay-gradient":""},"mobile":{"background-color":"","background-image":"","background-repeat":"repeat","background-position":"center center","background-size":"auto","background-attachment":"scroll","background-type":"","background-media":"","overlay-type":"","overlay-color":"","overlay-opacity":"","overlay-gradient":""}},"ast-content-background-meta":{"desktop":{"background-color":"var(--ast-global-color-4)","background-image":"","background-repeat":"repeat","background-position":"center center","background-size":"auto","background-attachment":"scroll","background-type":"","background-media":"","overlay-type":"","overlay-color":"","overlay-opacity":"","overlay-gradient":""},"tablet":{"background-color":"var(--ast-global-color-4)","background-image":"","background-repeat":"repeat","background-position":"center center","background-size":"auto","background-attachment":"scroll","background-type":"","background-media":"","overlay-type":"","overlay-color":"","overlay-opacity":"","overlay-gradient":""},"mobile":{"background-color":"var(--ast-global-color-4)","background-image":"","background-repeat":"repeat","background-position":"center center","background-size":"auto","background-attachment":"scroll","background-type":"","background-media":"","overlay-type":"","overlay-color":"","overlay-opacity":"","overlay-gradient":""}},"footnotes":""},"class_list":["post-2753","page","type-page","status-publish","hentry"],"yoast_head":"<!-- This site is optimized with the Yoast SEO plugin v27.5 - https:\/\/yoast.com\/product\/yoast-seo-wordpress\/ -->\n<title>D\u00e9p\u00f4t d&#039;annonces - Brosseau Transactions | Agence immobili\u00e8re - Fonds de commerce &amp; Murs commerciaux<\/title>\n<meta name=\"robots\" content=\"index, follow, max-snippet:-1, max-image-preview:large, max-video-preview:-1\" \/>\n<link rel=\"canonical\" href=\"https:\/\/brosseau-transactions.com\/en\/depot-dannonces\/\" \/>\n<meta property=\"og:locale\" content=\"en_GB\" \/>\n<meta property=\"og:type\" content=\"article\" \/>\n<meta property=\"og:title\" content=\"D\u00e9p\u00f4t d&#039;annonces - Brosseau Transactions | Agence immobili\u00e8re - Fonds de commerce &amp; Murs commerciaux\" \/>\n<meta property=\"og:url\" content=\"https:\/\/brosseau-transactions.com\/en\/depot-dannonces\/\" \/>\n<meta property=\"og:site_name\" content=\"Brosseau Transactions | Agence immobili\u00e8re - Fonds de commerce &amp; Murs commerciaux\" \/>\n<meta property=\"article:publisher\" content=\"https:\/\/www.facebook.com\/profile.php?id=61582190817291\" \/>\n<meta property=\"article:modified_time\" content=\"2026-05-05T15:24:28+00:00\" \/>\n<meta name=\"twitter:card\" content=\"summary_large_image\" \/>\n<script type=\"application\/ld+json\" class=\"yoast-schema-graph\">{\"@context\":\"https:\\\/\\\/schema.org\",\"@graph\":[{\"@type\":\"WebPage\",\"@id\":\"https:\\\/\\\/brosseau-transactions.com\\\/depot-dannonces\\\/\",\"url\":\"https:\\\/\\\/brosseau-transactions.com\\\/depot-dannonces\\\/\",\"name\":\"D\u00e9p\u00f4t d'annonces - Brosseau Transactions | Agence immobili\u00e8re - Fonds de commerce &amp; Murs commerciaux\",\"isPartOf\":{\"@id\":\"https:\\\/\\\/brosseau-transactions.com\\\/#website\"},\"datePublished\":\"2026-05-02T17:53:37+00:00\",\"dateModified\":\"2026-05-05T15:24:28+00:00\",\"breadcrumb\":{\"@id\":\"https:\\\/\\\/brosseau-transactions.com\\\/depot-dannonces\\\/#breadcrumb\"},\"inLanguage\":\"en-GB\",\"potentialAction\":[{\"@type\":\"ReadAction\",\"target\":[\"https:\\\/\\\/brosseau-transactions.com\\\/depot-dannonces\\\/\"]}]},{\"@type\":\"BreadcrumbList\",\"@id\":\"https:\\\/\\\/brosseau-transactions.com\\\/depot-dannonces\\\/#breadcrumb\",\"itemListElement\":[{\"@type\":\"ListItem\",\"position\":1,\"name\":\"Accueil\",\"item\":\"https:\\\/\\\/brosseau-transactions.com\\\/\"},{\"@type\":\"ListItem\",\"position\":2,\"name\":\"D\u00e9p\u00f4t d&rsquo;annonces\"}]},{\"@type\":\"WebSite\",\"@id\":\"https:\\\/\\\/brosseau-transactions.com\\\/#website\",\"url\":\"https:\\\/\\\/brosseau-transactions.com\\\/\",\"name\":\"Brosseau Transactions | Agence immobili\u00e8re - Fonds de commerce & Murs commerciaux\",\"description\":\"\",\"publisher\":{\"@id\":\"https:\\\/\\\/brosseau-transactions.com\\\/#organization\"},\"potentialAction\":[{\"@type\":\"SearchAction\",\"target\":{\"@type\":\"EntryPoint\",\"urlTemplate\":\"https:\\\/\\\/brosseau-transactions.com\\\/?s={search_term_string}\"},\"query-input\":{\"@type\":\"PropertyValueSpecification\",\"valueRequired\":true,\"valueName\":\"search_term_string\"}}],\"inLanguage\":\"en-GB\"},{\"@type\":\"Organization\",\"@id\":\"https:\\\/\\\/brosseau-transactions.com\\\/#organization\",\"name\":\"Brosseau Transactions | Agence immobili\u00e8re - Fonds de commerce & Murs commerciaux\",\"url\":\"https:\\\/\\\/brosseau-transactions.com\\\/\",\"logo\":{\"@type\":\"ImageObject\",\"inLanguage\":\"en-GB\",\"@id\":\"https:\\\/\\\/brosseau-transactions.com\\\/#\\\/schema\\\/logo\\\/image\\\/\",\"url\":\"https:\\\/\\\/brosseau-transactions.com\\\/wp-content\\\/uploads\\\/2026\\\/03\\\/cropped-cropped-Logo-1.jpg\",\"contentUrl\":\"https:\\\/\\\/brosseau-transactions.com\\\/wp-content\\\/uploads\\\/2026\\\/03\\\/cropped-cropped-Logo-1.jpg\",\"width\":1095,\"height\":72,\"caption\":\"Brosseau Transactions | Agence immobili\u00e8re - Fonds de commerce & Murs commerciaux\"},\"image\":{\"@id\":\"https:\\\/\\\/brosseau-transactions.com\\\/#\\\/schema\\\/logo\\\/image\\\/\"},\"sameAs\":[\"https:\\\/\\\/www.facebook.com\\\/profile.php?id=61582190817291\"]}]}<\/script>\n<!-- \/ Yoast SEO plugin. -->","yoast_head_json":{"title":"D\u00e9p\u00f4t d'annonces - Brosseau Transactions | Agence immobili\u00e8re - Fonds de commerce &amp; Murs commerciaux","robots":{"index":"index","follow":"follow","max-snippet":"max-snippet:-1","max-image-preview":"max-image-preview:large","max-video-preview":"max-video-preview:-1"},"canonical":"https:\/\/brosseau-transactions.com\/en\/depot-dannonces\/","og_locale":"en_GB","og_type":"article","og_title":"D\u00e9p\u00f4t d'annonces - Brosseau Transactions | Agence immobili\u00e8re - Fonds de commerce &amp; Murs commerciaux","og_url":"https:\/\/brosseau-transactions.com\/en\/depot-dannonces\/","og_site_name":"Brosseau Transactions | Agence immobili\u00e8re - Fonds de commerce &amp; Murs commerciaux","article_publisher":"https:\/\/www.facebook.com\/profile.php?id=61582190817291","article_modified_time":"2026-05-05T15:24:28+00:00","twitter_card":"summary_large_image","schema":{"@context":"https:\/\/schema.org","@graph":[{"@type":"WebPage","@id":"https:\/\/brosseau-transactions.com\/depot-dannonces\/","url":"https:\/\/brosseau-transactions.com\/depot-dannonces\/","name":"D\u00e9p\u00f4t d'annonces - Brosseau Transactions | Agence immobili\u00e8re - Fonds de commerce &amp; Murs commerciaux","isPartOf":{"@id":"https:\/\/brosseau-transactions.com\/#website"},"datePublished":"2026-05-02T17:53:37+00:00","dateModified":"2026-05-05T15:24:28+00:00","breadcrumb":{"@id":"https:\/\/brosseau-transactions.com\/depot-dannonces\/#breadcrumb"},"inLanguage":"en-GB","potentialAction":[{"@type":"ReadAction","target":["https:\/\/brosseau-transactions.com\/depot-dannonces\/"]}]},{"@type":"BreadcrumbList","@id":"https:\/\/brosseau-transactions.com\/depot-dannonces\/#breadcrumb","itemListElement":[{"@type":"ListItem","position":1,"name":"Accueil","item":"https:\/\/brosseau-transactions.com\/"},{"@type":"ListItem","position":2,"name":"D\u00e9p\u00f4t d&rsquo;annonces"}]},{"@type":"WebSite","@id":"https:\/\/brosseau-transactions.com\/#website","url":"https:\/\/brosseau-transactions.com\/","name":"Brosseau Transactions | Agence immobili\u00e8re - Fonds de commerce & Murs commerciaux","description":"","publisher":{"@id":"https:\/\/brosseau-transactions.com\/#organization"},"potentialAction":[{"@type":"SearchAction","target":{"@type":"EntryPoint","urlTemplate":"https:\/\/brosseau-transactions.com\/?s={search_term_string}"},"query-input":{"@type":"PropertyValueSpecification","valueRequired":true,"valueName":"search_term_string"}}],"inLanguage":"en-GB"},{"@type":"Organization","@id":"https:\/\/brosseau-transactions.com\/#organization","name":"Brosseau Transactions | Agence immobili\u00e8re - Fonds de commerce & Murs commerciaux","url":"https:\/\/brosseau-transactions.com\/","logo":{"@type":"ImageObject","inLanguage":"en-GB","@id":"https:\/\/brosseau-transactions.com\/#\/schema\/logo\/image\/","url":"https:\/\/brosseau-transactions.com\/wp-content\/uploads\/2026\/03\/cropped-cropped-Logo-1.jpg","contentUrl":"https:\/\/brosseau-transactions.com\/wp-content\/uploads\/2026\/03\/cropped-cropped-Logo-1.jpg","width":1095,"height":72,"caption":"Brosseau Transactions | Agence immobili\u00e8re - Fonds de commerce & Murs commerciaux"},"image":{"@id":"https:\/\/brosseau-transactions.com\/#\/schema\/logo\/image\/"},"sameAs":["https:\/\/www.facebook.com\/profile.php?id=61582190817291"]}]}},"_links":{"self":[{"href":"https:\/\/brosseau-transactions.com\/en\/wp-json\/wp\/v2\/pages\/2753","targetHints":{"allow":["GET"]}}],"collection":[{"href":"https:\/\/brosseau-transactions.com\/en\/wp-json\/wp\/v2\/pages"}],"about":[{"href":"https:\/\/brosseau-transactions.com\/en\/wp-json\/wp\/v2\/types\/page"}],"author":[{"embeddable":true,"href":"https:\/\/brosseau-transactions.com\/en\/wp-json\/wp\/v2\/users\/1"}],"replies":[{"embeddable":true,"href":"https:\/\/brosseau-transactions.com\/en\/wp-json\/wp\/v2\/comments?post=2753"}],"version-history":[{"count":23,"href":"https:\/\/brosseau-transactions.com\/en\/wp-json\/wp\/v2\/pages\/2753\/revisions"}],"predecessor-version":[{"id":2927,"href":"https:\/\/brosseau-transactions.com\/en\/wp-json\/wp\/v2\/pages\/2753\/revisions\/2927"}],"wp:attachment":[{"href":"https:\/\/brosseau-transactions.com\/en\/wp-json\/wp\/v2\/media?parent=2753"}],"curies":[{"name":"wp","href":"https:\/\/api.w.org\/{rel}","templated":true}]}}