  {"id":124,"date":"2026-03-26T12:40:20","date_gmt":"2026-03-26T12:40:20","guid":{"rendered":"https:\/\/brosseau-transactions.com\/?page_id=124"},"modified":"2026-05-10T14:39:14","modified_gmt":"2026-05-10T14:39:14","slug":"mentions-legales","status":"publish","type":"page","link":"https:\/\/brosseau-transactions.com\/en\/mentions-legales\/","title":{"rendered":"Mentions l\u00e9gales"},"content":{"rendered":"<div class=\"inherit-container-width wp-block-group alignfull is-style-ext-preset--group--natural-1--section has-ast-global-color-4-background-color has-background is-layout-constrained wp-container-core-group-is-layout-a62bbca6 wp-block-group-is-layout-constrained\" style=\"margin-top:0;margin-bottom:0;padding-top:min(7rem, 10vw);padding-bottom:min(7rem, 10vw)\">\n<p><br><\/p>\n\n\n\n<p><br> <\/p>\n\n\n\n<p><\/p>\n\n\n\n<p class=\"has-text-align-center\"><strong>H\u00e9bergeur du site:<\/strong><br> IONOS Cloud<br> Elgendorfer Str. 57<br> 56410 Montabaur<br> Allemagne<\/p>\n\n\n\n<p class=\"has-text-align-center\"><strong>Conception-Design du site:<\/strong><br> EMERGENCE SUPPORT<br> 11 rue des Carlets<br> 35520, La Chapelle-des-Fougeretz<br> France<\/p>\n\n\n\n<p class=\"has-text-align-center\"><strong>Propri\u00e9taire et \u00e9diteur du site:<\/strong><br> BROSSEAU TRANSACTIONS<br> 2 route des Hautes Cours<br> 37500, Saint-Beno\u00eet-la-For\u00eat<br> France<br><br> <strong>Coordonn\u00e9es:<\/strong><br> T\u00e9l\u00e9phone: 06 22 00 09 06<br> E-mail: <a href=\"mailto:contact@brosseau-transactions.fr\">contact@brosseau-transactions.fr<\/a><br> Site web: <a href=\"https:\/\/brosseau-transactions.com\/en\/\">https:\/\/brosseau-transactions.com<\/a><br><br> <strong>Repr\u00e9sentant l\u00e9gal:<\/strong><br> CHAUSSIVERT Romuald Jean-Christophe<br> En qualit\u00e9 de G\u00e9rant<br><br> <strong>Informations sur l\u2019entreprise:<\/strong><br> RCS: 100 533 959 R.C.S. Tours<br> TVA intracommunautaire: FR80100533959<br> EUID : FR3701.100533959<br><\/p>\n\n\n\n<p class=\"has-text-align-center\"><strong>R\u00e9capitulatifs:<\/strong><\/p>\n\n\n\n<div class=\"wp-block-columns alignfull is-layout-flex wp-container-core-columns-is-layout-28f84493 wp-block-columns-is-layout-flex\">\n<div class=\"wp-block-column is-layout-flow wp-block-column-is-layout-flow\">\n<figure class=\"wp-block-image alignfull size-full\"><img fetchpriority=\"high\" decoding=\"async\" width=\"580\" height=\"411\" src=\"https:\/\/brosseau-transactions.com\/wp-content\/uploads\/2026\/05\/juridique.png\" alt=\"\" class=\"wp-image-4128\" srcset=\"https:\/\/brosseau-transactions.com\/wp-content\/uploads\/2026\/05\/juridique.png 580w, https:\/\/brosseau-transactions.com\/wp-content\/uploads\/2026\/05\/juridique-300x213.png 300w, https:\/\/brosseau-transactions.com\/wp-content\/uploads\/2026\/05\/juridique-18x12.png 18w\" sizes=\"(max-width: 580px) 100vw, 580px\" \/><\/figure>\n<\/div>\n\n\n\n<div class=\"wp-block-column is-layout-flow wp-block-column-is-layout-flow\">\n<figure class=\"wp-block-image alignfull size-full\"><img decoding=\"async\" width=\"642\" height=\"486\" src=\"https:\/\/brosseau-transactions.com\/wp-content\/uploads\/2026\/05\/activite.png\" alt=\"\" class=\"wp-image-4127\"\/><\/figure>\n<\/div>\n<\/div>\n\n\n\n<p class=\"has-text-align-center\"> <\/p>\n\n\n\n<p class=\"has-text-align-center\"><strong>Derni\u00e8re mise \u00e0 jour:<\/strong><br> 10\/05\/2026<\/p>\n<\/div>","protected":false},"excerpt":{"rendered":"<p>H\u00e9bergeur du site: IONOS Cloud Elgendorfer Str. 57 56410 Montabaur Allemagne Conception-Design du site: EMERGENCE SUPPORT 11 rue des Carlets [&hellip;]<\/p>\n","protected":false},"author":1,"featured_media":0,"parent":0,"menu_order":0,"comment_status":"closed","ping_status":"closed","template":"","meta":{"site-sidebar-layout":"default","site-content-layout":"","ast-site-content-layout":"default","site-content-style":"default","site-sidebar-style":"default","ast-global-header-display":"","ast-banner-title-visibility":"","ast-main-header-display":"","ast-hfb-above-header-display":"","ast-hfb-below-header-display":"","ast-hfb-mobile-header-display":"","site-post-title":"","ast-breadcrumbs-content":"","ast-featured-img":"","footer-sml-layout":"","ast-disable-related-posts":"","theme-transparent-header-meta":"","adv-header-id-meta":"","stick-header-meta":"","header-above-stick-meta":"","header-main-stick-meta":"","header-below-stick-meta":"","astra-migrate-meta-layouts":"default","ast-page-background-enabled":"default","ast-page-background-meta":{"desktop":{"background-color":"var(--ast-global-color-5)","background-image":"","background-repeat":"repeat","background-position":"center center","background-size":"auto","background-attachment":"scroll","background-type":"","background-media":"","overlay-type":"","overlay-color":"","overlay-opacity":"","overlay-gradient":""},"tablet":{"background-color":"","background-image":"","background-repeat":"repeat","background-position":"center center","background-size":"auto","background-attachment":"scroll","background-type":"","background-media":"","overlay-type":"","overlay-color":"","overlay-opacity":"","overlay-gradient":""},"mobile":{"background-color":"","background-image":"","background-repeat":"repeat","background-position":"center center","background-size":"auto","background-attachment":"scroll","background-type":"","background-media":"","overlay-type":"","overlay-color":"","overlay-opacity":"","overlay-gradient":""}},"ast-content-background-meta":{"desktop":{"background-color":"var(--ast-global-color-4)","background-image":"","background-repeat":"repeat","background-position":"center center","background-size":"auto","background-attachment":"scroll","background-type":"","background-media":"","overlay-type":"","overlay-color":"","overlay-opacity":"","overlay-gradient":""},"tablet":{"background-color":"var(--ast-global-color-4)","background-image":"","background-repeat":"repeat","background-position":"center center","background-size":"auto","background-attachment":"scroll","background-type":"","background-media":"","overlay-type":"","overlay-color":"","overlay-opacity":"","overlay-gradient":""},"mobile":{"background-color":"var(--ast-global-color-4)","background-image":"","background-repeat":"repeat","background-position":"center center","background-size":"auto","background-attachment":"scroll","background-type":"","background-media":"","overlay-type":"","overlay-color":"","overlay-opacity":"","overlay-gradient":""}},"footnotes":""},"class_list":["post-124","page","type-page","status-publish","hentry"],"yoast_head":"<!-- This site is optimized with the Yoast SEO plugin v27.5 - https:\/\/yoast.com\/product\/yoast-seo-wordpress\/ -->\n<title>Mentions l\u00e9gales - \ud83c\udfd8\ufe0f Agence immobili\u00e8re \ud83c\udfec Fonds de commerce \ud83e\uddf1 Murs commerciaux<\/title>\n<meta name=\"robots\" content=\"index, follow, max-snippet:-1, max-image-preview:large, max-video-preview:-1\" \/>\n<link rel=\"canonical\" href=\"https:\/\/brosseau-transactions.com\/en\/mentions-legales\/\" \/>\n<meta property=\"og:locale\" content=\"en_GB\" \/>\n<meta property=\"og:type\" content=\"article\" \/>\n<meta property=\"og:title\" content=\"Mentions l\u00e9gales - \ud83c\udfd8\ufe0f Agence immobili\u00e8re \ud83c\udfec Fonds de commerce \ud83e\uddf1 Murs commerciaux\" \/>\n<meta property=\"og:description\" content=\"H\u00e9bergeur du site: IONOS Cloud Elgendorfer Str. 57 56410 Montabaur Allemagne Conception-Design du site: EMERGENCE SUPPORT 11 rue des Carlets [&hellip;]\" \/>\n<meta property=\"og:url\" content=\"https:\/\/brosseau-transactions.com\/en\/mentions-legales\/\" \/>\n<meta property=\"og:site_name\" content=\"\ud83c\udfd8\ufe0f Agence immobili\u00e8re \ud83c\udfec Fonds de commerce \ud83e\uddf1 Murs commerciaux\" \/>\n<meta property=\"article:publisher\" content=\"https:\/\/www.facebook.com\/profile.php?id=61582190817291\" \/>\n<meta property=\"article:modified_time\" content=\"2026-05-10T14:39:14+00:00\" \/>\n<meta property=\"og:image\" content=\"https:\/\/brosseau-transactions.com\/wp-content\/uploads\/2026\/05\/juridique.png\" \/>\n\t<meta property=\"og:image:width\" content=\"580\" \/>\n\t<meta property=\"og:image:height\" content=\"411\" \/>\n\t<meta property=\"og:image:type\" content=\"image\/png\" \/>\n<meta name=\"twitter:card\" content=\"summary_large_image\" \/>\n<script type=\"application\/ld+json\" class=\"yoast-schema-graph\">{\"@context\":\"https:\\\/\\\/schema.org\",\"@graph\":[{\"@type\":\"WebPage\",\"@id\":\"https:\\\/\\\/brosseau-transactions.com\\\/mentions-legales\\\/\",\"url\":\"https:\\\/\\\/brosseau-transactions.com\\\/mentions-legales\\\/\",\"name\":\"Mentions l\u00e9gales - \ud83c\udfd8\ufe0f Agence immobili\u00e8re \ud83c\udfec Fonds de commerce \ud83e\uddf1 Murs commerciaux\",\"isPartOf\":{\"@id\":\"https:\\\/\\\/brosseau-transactions.com\\\/#website\"},\"primaryImageOfPage\":{\"@id\":\"https:\\\/\\\/brosseau-transactions.com\\\/mentions-legales\\\/#primaryimage\"},\"image\":{\"@id\":\"https:\\\/\\\/brosseau-transactions.com\\\/mentions-legales\\\/#primaryimage\"},\"thumbnailUrl\":\"https:\\\/\\\/brosseau-transactions.com\\\/wp-content\\\/uploads\\\/2026\\\/05\\\/juridique.png\",\"datePublished\":\"2026-03-26T12:40:20+00:00\",\"dateModified\":\"2026-05-10T14:39:14+00:00\",\"breadcrumb\":{\"@id\":\"https:\\\/\\\/brosseau-transactions.com\\\/mentions-legales\\\/#breadcrumb\"},\"inLanguage\":\"en-GB\",\"potentialAction\":[{\"@type\":\"ReadAction\",\"target\":[\"https:\\\/\\\/brosseau-transactions.com\\\/mentions-legales\\\/\"]}]},{\"@type\":\"ImageObject\",\"inLanguage\":\"en-GB\",\"@id\":\"https:\\\/\\\/brosseau-transactions.com\\\/mentions-legales\\\/#primaryimage\",\"url\":\"https:\\\/\\\/brosseau-transactions.com\\\/wp-content\\\/uploads\\\/2026\\\/05\\\/juridique.png\",\"contentUrl\":\"https:\\\/\\\/brosseau-transactions.com\\\/wp-content\\\/uploads\\\/2026\\\/05\\\/juridique.png\"},{\"@type\":\"BreadcrumbList\",\"@id\":\"https:\\\/\\\/brosseau-transactions.com\\\/mentions-legales\\\/#breadcrumb\",\"itemListElement\":[{\"@type\":\"ListItem\",\"position\":1,\"name\":\"Accueil\",\"item\":\"https:\\\/\\\/brosseau-transactions.com\\\/\"},{\"@type\":\"ListItem\",\"position\":2,\"name\":\"Mentions l\u00e9gales\"}]},{\"@type\":\"WebSite\",\"@id\":\"https:\\\/\\\/brosseau-transactions.com\\\/#website\",\"url\":\"https:\\\/\\\/brosseau-transactions.com\\\/\",\"name\":\"Brosseau Transactions | Agence immobili\u00e8re - Fonds de commerce & Murs commerciaux\",\"description\":\"\",\"publisher\":{\"@id\":\"https:\\\/\\\/brosseau-transactions.com\\\/#organization\"},\"potentialAction\":[{\"@type\":\"SearchAction\",\"target\":{\"@type\":\"EntryPoint\",\"urlTemplate\":\"https:\\\/\\\/brosseau-transactions.com\\\/?s={search_term_string}\"},\"query-input\":{\"@type\":\"PropertyValueSpecification\",\"valueRequired\":true,\"valueName\":\"search_term_string\"}}],\"inLanguage\":\"en-GB\"},{\"@type\":\"Organization\",\"@id\":\"https:\\\/\\\/brosseau-transactions.com\\\/#organization\",\"name\":\"Brosseau Transactions | Agence immobili\u00e8re - Fonds de commerce & Murs commerciaux\",\"url\":\"https:\\\/\\\/brosseau-transactions.com\\\/\",\"logo\":{\"@type\":\"ImageObject\",\"inLanguage\":\"en-GB\",\"@id\":\"https:\\\/\\\/brosseau-transactions.com\\\/#\\\/schema\\\/logo\\\/image\\\/\",\"url\":\"https:\\\/\\\/brosseau-transactions.com\\\/wp-content\\\/uploads\\\/2026\\\/03\\\/cropped-cropped-Logo-1.jpg\",\"contentUrl\":\"https:\\\/\\\/brosseau-transactions.com\\\/wp-content\\\/uploads\\\/2026\\\/03\\\/cropped-cropped-Logo-1.jpg\",\"width\":1095,\"height\":72,\"caption\":\"Brosseau Transactions | Agence immobili\u00e8re - Fonds de commerce & Murs commerciaux\"},\"image\":{\"@id\":\"https:\\\/\\\/brosseau-transactions.com\\\/#\\\/schema\\\/logo\\\/image\\\/\"},\"sameAs\":[\"https:\\\/\\\/www.facebook.com\\\/profile.php?id=61582190817291\"]}]}<\/script>\n<!-- \/ Yoast SEO plugin. -->","yoast_head_json":{"title":"Mentions l\u00e9gales - \ud83c\udfd8\ufe0f Agence immobili\u00e8re \ud83c\udfec Fonds de commerce \ud83e\uddf1 Murs commerciaux","robots":{"index":"index","follow":"follow","max-snippet":"max-snippet:-1","max-image-preview":"max-image-preview:large","max-video-preview":"max-video-preview:-1"},"canonical":"https:\/\/brosseau-transactions.com\/en\/mentions-legales\/","og_locale":"en_GB","og_type":"article","og_title":"Mentions l\u00e9gales - \ud83c\udfd8\ufe0f Agence immobili\u00e8re \ud83c\udfec Fonds de commerce \ud83e\uddf1 Murs commerciaux","og_description":"H\u00e9bergeur du site: IONOS Cloud Elgendorfer Str. 57 56410 Montabaur Allemagne Conception-Design du site: EMERGENCE SUPPORT 11 rue des Carlets [&hellip;]","og_url":"https:\/\/brosseau-transactions.com\/en\/mentions-legales\/","og_site_name":"\ud83c\udfd8\ufe0f Agence immobili\u00e8re \ud83c\udfec Fonds de commerce \ud83e\uddf1 Murs commerciaux","article_publisher":"https:\/\/www.facebook.com\/profile.php?id=61582190817291","article_modified_time":"2026-05-10T14:39:14+00:00","og_image":[{"width":580,"height":411,"url":"https:\/\/brosseau-transactions.com\/wp-content\/uploads\/2026\/05\/juridique.png","type":"image\/png"}],"twitter_card":"summary_large_image","schema":{"@context":"https:\/\/schema.org","@graph":[{"@type":"WebPage","@id":"https:\/\/brosseau-transactions.com\/mentions-legales\/","url":"https:\/\/brosseau-transactions.com\/mentions-legales\/","name":"Mentions l\u00e9gales - \ud83c\udfd8\ufe0f Agence immobili\u00e8re \ud83c\udfec Fonds de commerce \ud83e\uddf1 Murs commerciaux","isPartOf":{"@id":"https:\/\/brosseau-transactions.com\/#website"},"primaryImageOfPage":{"@id":"https:\/\/brosseau-transactions.com\/mentions-legales\/#primaryimage"},"image":{"@id":"https:\/\/brosseau-transactions.com\/mentions-legales\/#primaryimage"},"thumbnailUrl":"https:\/\/brosseau-transactions.com\/wp-content\/uploads\/2026\/05\/juridique.png","datePublished":"2026-03-26T12:40:20+00:00","dateModified":"2026-05-10T14:39:14+00:00","breadcrumb":{"@id":"https:\/\/brosseau-transactions.com\/mentions-legales\/#breadcrumb"},"inLanguage":"en-GB","potentialAction":[{"@type":"ReadAction","target":["https:\/\/brosseau-transactions.com\/mentions-legales\/"]}]},{"@type":"ImageObject","inLanguage":"en-GB","@id":"https:\/\/brosseau-transactions.com\/mentions-legales\/#primaryimage","url":"https:\/\/brosseau-transactions.com\/wp-content\/uploads\/2026\/05\/juridique.png","contentUrl":"https:\/\/brosseau-transactions.com\/wp-content\/uploads\/2026\/05\/juridique.png"},{"@type":"BreadcrumbList","@id":"https:\/\/brosseau-transactions.com\/mentions-legales\/#breadcrumb","itemListElement":[{"@type":"ListItem","position":1,"name":"Accueil","item":"https:\/\/brosseau-transactions.com\/"},{"@type":"ListItem","position":2,"name":"Mentions l\u00e9gales"}]},{"@type":"WebSite","@id":"https:\/\/brosseau-transactions.com\/#website","url":"https:\/\/brosseau-transactions.com\/","name":"Brosseau Transactions | Agence immobili\u00e8re - Fonds de commerce & Murs commerciaux","description":"","publisher":{"@id":"https:\/\/brosseau-transactions.com\/#organization"},"potentialAction":[{"@type":"SearchAction","target":{"@type":"EntryPoint","urlTemplate":"https:\/\/brosseau-transactions.com\/?s={search_term_string}"},"query-input":{"@type":"PropertyValueSpecification","valueRequired":true,"valueName":"search_term_string"}}],"inLanguage":"en-GB"},{"@type":"Organization","@id":"https:\/\/brosseau-transactions.com\/#organization","name":"Brosseau Transactions | Agence immobili\u00e8re - Fonds de commerce & Murs commerciaux","url":"https:\/\/brosseau-transactions.com\/","logo":{"@type":"ImageObject","inLanguage":"en-GB","@id":"https:\/\/brosseau-transactions.com\/#\/schema\/logo\/image\/","url":"https:\/\/brosseau-transactions.com\/wp-content\/uploads\/2026\/03\/cropped-cropped-Logo-1.jpg","contentUrl":"https:\/\/brosseau-transactions.com\/wp-content\/uploads\/2026\/03\/cropped-cropped-Logo-1.jpg","width":1095,"height":72,"caption":"Brosseau Transactions | Agence immobili\u00e8re - Fonds de commerce & Murs commerciaux"},"image":{"@id":"https:\/\/brosseau-transactions.com\/#\/schema\/logo\/image\/"},"sameAs":["https:\/\/www.facebook.com\/profile.php?id=61582190817291"]}]}},"_links":{"self":[{"href":"https:\/\/brosseau-transactions.com\/en\/wp-json\/wp\/v2\/pages\/124","targetHints":{"allow":["GET"]}}],"collection":[{"href":"https:\/\/brosseau-transactions.com\/en\/wp-json\/wp\/v2\/pages"}],"about":[{"href":"https:\/\/brosseau-transactions.com\/en\/wp-json\/wp\/v2\/types\/page"}],"author":[{"embeddable":true,"href":"https:\/\/brosseau-transactions.com\/en\/wp-json\/wp\/v2\/users\/1"}],"replies":[{"embeddable":true,"href":"https:\/\/brosseau-transactions.com\/en\/wp-json\/wp\/v2\/comments?post=124"}],"version-history":[{"count":64,"href":"https:\/\/brosseau-transactions.com\/en\/wp-json\/wp\/v2\/pages\/124\/revisions"}],"predecessor-version":[{"id":4140,"href":"https:\/\/brosseau-transactions.com\/en\/wp-json\/wp\/v2\/pages\/124\/revisions\/4140"}],"wp:attachment":[{"href":"https:\/\/brosseau-transactions.com\/en\/wp-json\/wp\/v2\/media?parent=124"}],"curies":[{"name":"wp","href":"https:\/\/api.w.org\/{rel}","templated":true}]}}