  {"id":119,"date":"2026-03-26T12:38:19","date_gmt":"2026-03-26T12:38:19","guid":{"rendered":"https:\/\/brosseau-transactions.com\/?page_id=119"},"modified":"2026-05-10T13:22:53","modified_gmt":"2026-05-10T13:22:53","slug":"services","status":"publish","type":"page","link":"https:\/\/brosseau-transactions.com\/en\/services\/","title":{"rendered":"Nos services"},"content":{"rendered":"<div class=\"inherit-container-width wp-block-group alignfull is-style-ext-preset--group--natural-1--section has-ast-global-color-4-background-color has-background is-layout-constrained wp-container-core-group-is-layout-e97d0c45 wp-block-group-is-layout-constrained\" style=\"margin-top:0;margin-bottom:0;padding-top:min(7rem, 10vw);padding-bottom:min(7rem, 10vw)\">\n<div style=\"height:74px\" aria-hidden=\"true\" class=\"wp-block-spacer\"><\/div>\n\n\n\n<h2 class=\"wp-block-heading alignfull has-text-align-center is-style-ext-preset--group--natural-1--section has-ast-global-color-5-background-color has-background\" style=\"margin-top:0;margin-bottom:0;padding-top:26px;padding-bottom:26px\">Nos services sp\u00e9cialis\u00e9s<\/h2>\n\n\n\n<hr class=\"wp-block-separator has-alpha-channel-opacity\"\/>\n\n\n\n<p class=\"has-text-align-center ext-animate--on\" style=\"margin-top:1.5rem\">Explorez nos offres d\u00e9di\u00e9es \u00e0 la cession de fonds de commerce CHR, la vente de murs commerciaux, et l&rsquo;accompagnement personnalis\u00e9.<\/p>\n\n\n\n<div class=\"wp-block-columns alignwide is-layout-flex wp-container-core-columns-is-layout-2b10cb7c wp-block-columns-is-layout-flex\">\n<div class=\"wp-block-column ext-animate--on is-layout-flow wp-block-column-is-layout-flow\">\n<div class=\"wp-block-group is-style-ext-preset--group--natural-1--item-card-1--align-center is-layout-constrained wp-block-group-is-layout-constrained\">\n<figure class=\"wp-block-image size-full\"><img decoding=\"async\" src=\"https:\/\/brosseau-transactions.com\/wp-content\/uploads\/2026\/05\/happy-couple-shaking-hands-with-real-estate-agent-after-successful-agreement-office.jpg\" alt=\"\" class=\"wp-image-3465\" style=\"aspect-ratio:4\/3;object-fit:cover\"\/><\/figure>\n\n\n\n<div class=\"wp-block-group is-style-default is-layout-constrained wp-block-group-is-layout-constrained\">\n<h3 class=\"wp-block-heading has-text-align-center\">Cession de fonds de commerce CHR<\/h3>\n\n\n\n<p class=\"has-text-align-center\">Nous facilitons la transmission de votre activit\u00e9 CHR avec expertise et discr\u00e9tion.<\/p>\n<\/div>\n<\/div>\n\n\n\n<div class=\"wp-block-buttons is-content-justification-center is-layout-flex wp-container-core-buttons-is-layout-a89b3969 wp-block-buttons-is-layout-flex\">\n<div class=\"wp-block-button\"><a class=\"wp-block-button__link wp-element-button\" href=\"https:\/\/brosseau-transactions.com\/en\/services\/cession-de-fonds-de-commerce-chr\/\">En savoir plus&#8230;<\/a><\/div>\n<\/div>\n<\/div>\n\n\n\n<div class=\"wp-block-column ext-animate--on is-layout-flow wp-block-column-is-layout-flow\">\n<div class=\"wp-block-group is-style-ext-preset--group--natural-1--item-card-1--align-center is-layout-constrained wp-block-group-is-layout-constrained\">\n<figure class=\"wp-block-image size-full\"><img fetchpriority=\"high\" decoding=\"async\" width=\"982\" height=\"547\" src=\"https:\/\/brosseau-transactions.com\/wp-content\/uploads\/2026\/05\/vente-murs.png\" alt=\"\" class=\"wp-image-3487\" style=\"aspect-ratio:4\/3;object-fit:cover\" srcset=\"https:\/\/brosseau-transactions.com\/wp-content\/uploads\/2026\/05\/vente-murs.png 982w, https:\/\/brosseau-transactions.com\/wp-content\/uploads\/2026\/05\/vente-murs-300x167.png 300w, https:\/\/brosseau-transactions.com\/wp-content\/uploads\/2026\/05\/vente-murs-768x428.png 768w, https:\/\/brosseau-transactions.com\/wp-content\/uploads\/2026\/05\/vente-murs-18x10.png 18w\" sizes=\"(max-width: 982px) 100vw, 982px\" \/><\/figure>\n\n\n\n<div class=\"wp-block-group is-style-default is-layout-constrained wp-block-group-is-layout-constrained\">\n<h3 class=\"wp-block-heading has-text-align-center\">Vente de murs commerciaux<\/h3>\n\n\n\n<p class=\"has-text-align-center\">Accompagnement pro pour optimiser la valorisation de vos biens immobiliers.<\/p>\n<\/div>\n<\/div>\n\n\n\n<div class=\"wp-block-buttons is-content-justification-center is-layout-flex wp-container-core-buttons-is-layout-a89b3969 wp-block-buttons-is-layout-flex\">\n<div class=\"wp-block-button\"><a class=\"wp-block-button__link wp-element-button\" href=\"https:\/\/brosseau-transactions.com\/en\/services\/vente-de-murs-commerciaux\/\">En savoir plus&#8230;<\/a><\/div>\n<\/div>\n<\/div>\n\n\n\n<div class=\"wp-block-column ext-animate--on is-layout-flow wp-block-column-is-layout-flow\">\n<div class=\"wp-block-group is-style-ext-preset--group--natural-1--item-card-1--align-center is-layout-constrained wp-block-group-is-layout-constrained\">\n<figure class=\"wp-block-image\"><img decoding=\"async\" width=\"1440\" height=\"960\" src=\"https:\/\/brosseau-transactions.com\/wp-content\/uploads\/2026\/03\/be7461e7c20b7acb5114a9fb2fa49efdefc838a7.jpg\" alt=\"\" class=\"wp-image-185\" style=\"aspect-ratio:4\/3;object-fit:cover\" srcset=\"https:\/\/brosseau-transactions.com\/wp-content\/uploads\/2026\/03\/be7461e7c20b7acb5114a9fb2fa49efdefc838a7.jpg 1440w, https:\/\/brosseau-transactions.com\/wp-content\/uploads\/2026\/03\/be7461e7c20b7acb5114a9fb2fa49efdefc838a7-300x200.jpg 300w, https:\/\/brosseau-transactions.com\/wp-content\/uploads\/2026\/03\/be7461e7c20b7acb5114a9fb2fa49efdefc838a7-1024x683.jpg 1024w, https:\/\/brosseau-transactions.com\/wp-content\/uploads\/2026\/03\/be7461e7c20b7acb5114a9fb2fa49efdefc838a7-768x512.jpg 768w\" sizes=\"(max-width: 1440px) 100vw, 1440px\" \/><\/figure>\n\n\n\n<div class=\"wp-block-group is-style-default is-layout-constrained wp-block-group-is-layout-constrained\">\n<h3 class=\"wp-block-heading has-text-align-center\">Accompagnement des acqu\u00e9reurs<\/h3>\n\n\n\n<p class=\"has-text-align-center\">Un suivi personnalis\u00e9 pour s\u00e9curiser votre investissement et vos projets.<\/p>\n<\/div>\n<\/div>\n\n\n\n<div class=\"wp-block-buttons is-content-justification-center is-layout-flex wp-container-core-buttons-is-layout-a89b3969 wp-block-buttons-is-layout-flex\">\n<div class=\"wp-block-button\"><a class=\"wp-block-button__link wp-element-button\" href=\"https:\/\/brosseau-transactions.com\/en\/services\/accompagnement-acquereur\/\">En savoir plus&#8230;<\/a><\/div>\n<\/div>\n<\/div>\n\n\n\n<div class=\"wp-block-column ext-animate--on is-layout-flow wp-block-column-is-layout-flow\">\n<div class=\"wp-block-group is-style-ext-preset--group--natural-1--item-card-1--align-center is-layout-constrained wp-block-group-is-layout-constrained\">\n<figure class=\"wp-block-image size-full\"><img decoding=\"async\" width=\"820\" height=\"545\" src=\"https:\/\/brosseau-transactions.com\/wp-content\/uploads\/2026\/05\/estimation.png\" alt=\"\" class=\"wp-image-3464\" style=\"aspect-ratio:4\/3;object-fit:cover\"\/><\/figure>\n\n\n\n<div class=\"wp-block-group is-style-default is-layout-constrained wp-block-group-is-layout-constrained\">\n<h3 class=\"wp-block-heading has-text-align-center\">Estimation strictement confidentielle<\/h3>\n\n\n\n<p class=\"has-text-align-center\">Un processus r\u00e9alis\u00e9 en toute s\u00e9curit\u00e9 pour pr\u00e9server votre tranquillit\u00e9 d&rsquo;esprit.<\/p>\n<\/div>\n<\/div>\n\n\n\n<div class=\"wp-block-buttons is-content-justification-center is-layout-flex wp-container-core-buttons-is-layout-a89b3969 wp-block-buttons-is-layout-flex\">\n<div class=\"wp-block-button\"><a class=\"wp-block-button__link wp-element-button\" href=\"https:\/\/brosseau-transactions.com\/en\/services\/estimation-confidentielle\/\">En savoir plus&#8230;<\/a><\/div>\n<\/div>\n<\/div>\n<\/div>\n<\/div>\n\n\n\n<p><\/p>","protected":false},"excerpt":{"rendered":"<p>Nos services sp\u00e9cialis\u00e9s Explorez nos offres d\u00e9di\u00e9es \u00e0 la cession de fonds de commerce CHR, la vente de murs commerciaux, [&hellip;]<\/p>\n","protected":false},"author":1,"featured_media":0,"parent":0,"menu_order":0,"comment_status":"closed","ping_status":"closed","template":"","meta":{"site-sidebar-layout":"default","site-content-layout":"","ast-site-content-layout":"default","site-content-style":"default","site-sidebar-style":"default","ast-global-header-display":"","ast-banner-title-visibility":"","ast-main-header-display":"","ast-hfb-above-header-display":"","ast-hfb-below-header-display":"","ast-hfb-mobile-header-display":"","site-post-title":"","ast-breadcrumbs-content":"","ast-featured-img":"","footer-sml-layout":"","ast-disable-related-posts":"","theme-transparent-header-meta":"","adv-header-id-meta":"","stick-header-meta":"","header-above-stick-meta":"","header-main-stick-meta":"","header-below-stick-meta":"","astra-migrate-meta-layouts":"default","ast-page-background-enabled":"default","ast-page-background-meta":{"desktop":{"background-color":"var(--ast-global-color-5)","background-image":"","background-repeat":"repeat","background-position":"center center","background-size":"auto","background-attachment":"scroll","background-type":"","background-media":"","overlay-type":"","overlay-color":"","overlay-opacity":"","overlay-gradient":""},"tablet":{"background-color":"","background-image":"","background-repeat":"repeat","background-position":"center center","background-size":"auto","background-attachment":"scroll","background-type":"","background-media":"","overlay-type":"","overlay-color":"","overlay-opacity":"","overlay-gradient":""},"mobile":{"background-color":"","background-image":"","background-repeat":"repeat","background-position":"center center","background-size":"auto","background-attachment":"scroll","background-type":"","background-media":"","overlay-type":"","overlay-color":"","overlay-opacity":"","overlay-gradient":""}},"ast-content-background-meta":{"desktop":{"background-color":"var(--ast-global-color-4)","background-image":"","background-repeat":"repeat","background-position":"center center","background-size":"auto","background-attachment":"scroll","background-type":"","background-media":"","overlay-type":"","overlay-color":"","overlay-opacity":"","overlay-gradient":""},"tablet":{"background-color":"var(--ast-global-color-4)","background-image":"","background-repeat":"repeat","background-position":"center center","background-size":"auto","background-attachment":"scroll","background-type":"","background-media":"","overlay-type":"","overlay-color":"","overlay-opacity":"","overlay-gradient":""},"mobile":{"background-color":"var(--ast-global-color-4)","background-image":"","background-repeat":"repeat","background-position":"center center","background-size":"auto","background-attachment":"scroll","background-type":"","background-media":"","overlay-type":"","overlay-color":"","overlay-opacity":"","overlay-gradient":""}},"footnotes":""},"class_list":["post-119","page","type-page","status-publish","hentry"],"yoast_head":"<!-- This site is optimized with the Yoast SEO plugin v27.5 - https:\/\/yoast.com\/product\/yoast-seo-wordpress\/ -->\n<title>Nos services - \ud83c\udfd8\ufe0f Agence immobili\u00e8re \ud83c\udfec Fonds de commerce \ud83e\uddf1 Murs commerciaux<\/title>\n<meta name=\"robots\" content=\"index, follow, max-snippet:-1, max-image-preview:large, max-video-preview:-1\" \/>\n<link rel=\"canonical\" href=\"https:\/\/brosseau-transactions.com\/en\/services\/\" \/>\n<meta property=\"og:locale\" content=\"en_GB\" \/>\n<meta property=\"og:type\" content=\"article\" \/>\n<meta property=\"og:title\" content=\"Nos services - \ud83c\udfd8\ufe0f Agence immobili\u00e8re \ud83c\udfec Fonds de commerce \ud83e\uddf1 Murs commerciaux\" \/>\n<meta property=\"og:description\" content=\"Nos services sp\u00e9cialis\u00e9s Explorez nos offres d\u00e9di\u00e9es \u00e0 la cession de fonds de commerce CHR, la vente de murs commerciaux, [&hellip;]\" \/>\n<meta property=\"og:url\" content=\"https:\/\/brosseau-transactions.com\/en\/services\/\" \/>\n<meta property=\"og:site_name\" content=\"\ud83c\udfd8\ufe0f Agence immobili\u00e8re \ud83c\udfec Fonds de commerce \ud83e\uddf1 Murs commerciaux\" \/>\n<meta property=\"article:publisher\" content=\"https:\/\/www.facebook.com\/profile.php?id=61582190817291\" \/>\n<meta property=\"article:modified_time\" content=\"2026-05-10T13:22:53+00:00\" \/>\n<meta property=\"og:image\" content=\"https:\/\/brosseau-transactions.com\/wp-content\/uploads\/2026\/05\/happy-couple-shaking-hands-with-real-estate-agent-after-successful-agreement-office.jpg\" \/>\n\t<meta property=\"og:image:width\" content=\"1\" \/>\n\t<meta property=\"og:image:height\" content=\"1\" \/>\n\t<meta property=\"og:image:type\" content=\"image\/jpeg\" \/>\n<meta name=\"twitter:card\" content=\"summary_large_image\" \/>\n<meta name=\"twitter:label1\" content=\"Estimated reading time\" \/>\n\t<meta name=\"twitter:data1\" content=\"1 minute\" \/>\n<script type=\"application\/ld+json\" class=\"yoast-schema-graph\">{\"@context\":\"https:\\\/\\\/schema.org\",\"@graph\":[{\"@type\":\"WebPage\",\"@id\":\"https:\\\/\\\/brosseau-transactions.com\\\/services\\\/\",\"url\":\"https:\\\/\\\/brosseau-transactions.com\\\/services\\\/\",\"name\":\"Nos services - \ud83c\udfd8\ufe0f Agence immobili\u00e8re \ud83c\udfec Fonds de commerce \ud83e\uddf1 Murs commerciaux\",\"isPartOf\":{\"@id\":\"https:\\\/\\\/brosseau-transactions.com\\\/#website\"},\"primaryImageOfPage\":{\"@id\":\"https:\\\/\\\/brosseau-transactions.com\\\/services\\\/#primaryimage\"},\"image\":{\"@id\":\"https:\\\/\\\/brosseau-transactions.com\\\/services\\\/#primaryimage\"},\"thumbnailUrl\":\"https:\\\/\\\/brosseau-transactions.com\\\/wp-content\\\/uploads\\\/2026\\\/05\\\/happy-couple-shaking-hands-with-real-estate-agent-after-successful-agreement-office.jpg\",\"datePublished\":\"2026-03-26T12:38:19+00:00\",\"dateModified\":\"2026-05-10T13:22:53+00:00\",\"breadcrumb\":{\"@id\":\"https:\\\/\\\/brosseau-transactions.com\\\/services\\\/#breadcrumb\"},\"inLanguage\":\"en-GB\",\"potentialAction\":[{\"@type\":\"ReadAction\",\"target\":[\"https:\\\/\\\/brosseau-transactions.com\\\/services\\\/\"]}]},{\"@type\":\"ImageObject\",\"inLanguage\":\"en-GB\",\"@id\":\"https:\\\/\\\/brosseau-transactions.com\\\/services\\\/#primaryimage\",\"url\":\"https:\\\/\\\/brosseau-transactions.com\\\/wp-content\\\/uploads\\\/2026\\\/05\\\/happy-couple-shaking-hands-with-real-estate-agent-after-successful-agreement-office.jpg\",\"contentUrl\":\"https:\\\/\\\/brosseau-transactions.com\\\/wp-content\\\/uploads\\\/2026\\\/05\\\/happy-couple-shaking-hands-with-real-estate-agent-after-successful-agreement-office.jpg\"},{\"@type\":\"BreadcrumbList\",\"@id\":\"https:\\\/\\\/brosseau-transactions.com\\\/services\\\/#breadcrumb\",\"itemListElement\":[{\"@type\":\"ListItem\",\"position\":1,\"name\":\"Accueil\",\"item\":\"https:\\\/\\\/brosseau-transactions.com\\\/\"},{\"@type\":\"ListItem\",\"position\":2,\"name\":\"Nos services\"}]},{\"@type\":\"WebSite\",\"@id\":\"https:\\\/\\\/brosseau-transactions.com\\\/#website\",\"url\":\"https:\\\/\\\/brosseau-transactions.com\\\/\",\"name\":\"Brosseau Transactions | Agence immobili\u00e8re - Fonds de commerce & Murs commerciaux\",\"description\":\"\",\"publisher\":{\"@id\":\"https:\\\/\\\/brosseau-transactions.com\\\/#organization\"},\"potentialAction\":[{\"@type\":\"SearchAction\",\"target\":{\"@type\":\"EntryPoint\",\"urlTemplate\":\"https:\\\/\\\/brosseau-transactions.com\\\/?s={search_term_string}\"},\"query-input\":{\"@type\":\"PropertyValueSpecification\",\"valueRequired\":true,\"valueName\":\"search_term_string\"}}],\"inLanguage\":\"en-GB\"},{\"@type\":\"Organization\",\"@id\":\"https:\\\/\\\/brosseau-transactions.com\\\/#organization\",\"name\":\"Brosseau Transactions | Agence immobili\u00e8re - Fonds de commerce & Murs commerciaux\",\"url\":\"https:\\\/\\\/brosseau-transactions.com\\\/\",\"logo\":{\"@type\":\"ImageObject\",\"inLanguage\":\"en-GB\",\"@id\":\"https:\\\/\\\/brosseau-transactions.com\\\/#\\\/schema\\\/logo\\\/image\\\/\",\"url\":\"https:\\\/\\\/brosseau-transactions.com\\\/wp-content\\\/uploads\\\/2026\\\/03\\\/cropped-cropped-Logo-1.jpg\",\"contentUrl\":\"https:\\\/\\\/brosseau-transactions.com\\\/wp-content\\\/uploads\\\/2026\\\/03\\\/cropped-cropped-Logo-1.jpg\",\"width\":1095,\"height\":72,\"caption\":\"Brosseau Transactions | Agence immobili\u00e8re - Fonds de commerce & Murs commerciaux\"},\"image\":{\"@id\":\"https:\\\/\\\/brosseau-transactions.com\\\/#\\\/schema\\\/logo\\\/image\\\/\"},\"sameAs\":[\"https:\\\/\\\/www.facebook.com\\\/profile.php?id=61582190817291\"]}]}<\/script>\n<!-- \/ Yoast SEO plugin. -->","yoast_head_json":{"title":"Nos services - \ud83c\udfd8\ufe0f Agence immobili\u00e8re \ud83c\udfec Fonds de commerce \ud83e\uddf1 Murs commerciaux","robots":{"index":"index","follow":"follow","max-snippet":"max-snippet:-1","max-image-preview":"max-image-preview:large","max-video-preview":"max-video-preview:-1"},"canonical":"https:\/\/brosseau-transactions.com\/en\/services\/","og_locale":"en_GB","og_type":"article","og_title":"Nos services - \ud83c\udfd8\ufe0f Agence immobili\u00e8re \ud83c\udfec Fonds de commerce \ud83e\uddf1 Murs commerciaux","og_description":"Nos services sp\u00e9cialis\u00e9s Explorez nos offres d\u00e9di\u00e9es \u00e0 la cession de fonds de commerce CHR, la vente de murs commerciaux, [&hellip;]","og_url":"https:\/\/brosseau-transactions.com\/en\/services\/","og_site_name":"\ud83c\udfd8\ufe0f Agence immobili\u00e8re \ud83c\udfec Fonds de commerce \ud83e\uddf1 Murs commerciaux","article_publisher":"https:\/\/www.facebook.com\/profile.php?id=61582190817291","article_modified_time":"2026-05-10T13:22:53+00:00","og_image":[{"url":"https:\/\/brosseau-transactions.com\/wp-content\/uploads\/2026\/05\/happy-couple-shaking-hands-with-real-estate-agent-after-successful-agreement-office.jpg","width":1,"height":1,"type":"image\/jpeg"}],"twitter_card":"summary_large_image","twitter_misc":{"Estimated reading time":"1 minute"},"schema":{"@context":"https:\/\/schema.org","@graph":[{"@type":"WebPage","@id":"https:\/\/brosseau-transactions.com\/services\/","url":"https:\/\/brosseau-transactions.com\/services\/","name":"Nos services - \ud83c\udfd8\ufe0f Agence immobili\u00e8re \ud83c\udfec Fonds de commerce \ud83e\uddf1 Murs commerciaux","isPartOf":{"@id":"https:\/\/brosseau-transactions.com\/#website"},"primaryImageOfPage":{"@id":"https:\/\/brosseau-transactions.com\/services\/#primaryimage"},"image":{"@id":"https:\/\/brosseau-transactions.com\/services\/#primaryimage"},"thumbnailUrl":"https:\/\/brosseau-transactions.com\/wp-content\/uploads\/2026\/05\/happy-couple-shaking-hands-with-real-estate-agent-after-successful-agreement-office.jpg","datePublished":"2026-03-26T12:38:19+00:00","dateModified":"2026-05-10T13:22:53+00:00","breadcrumb":{"@id":"https:\/\/brosseau-transactions.com\/services\/#breadcrumb"},"inLanguage":"en-GB","potentialAction":[{"@type":"ReadAction","target":["https:\/\/brosseau-transactions.com\/services\/"]}]},{"@type":"ImageObject","inLanguage":"en-GB","@id":"https:\/\/brosseau-transactions.com\/services\/#primaryimage","url":"https:\/\/brosseau-transactions.com\/wp-content\/uploads\/2026\/05\/happy-couple-shaking-hands-with-real-estate-agent-after-successful-agreement-office.jpg","contentUrl":"https:\/\/brosseau-transactions.com\/wp-content\/uploads\/2026\/05\/happy-couple-shaking-hands-with-real-estate-agent-after-successful-agreement-office.jpg"},{"@type":"BreadcrumbList","@id":"https:\/\/brosseau-transactions.com\/services\/#breadcrumb","itemListElement":[{"@type":"ListItem","position":1,"name":"Accueil","item":"https:\/\/brosseau-transactions.com\/"},{"@type":"ListItem","position":2,"name":"Nos services"}]},{"@type":"WebSite","@id":"https:\/\/brosseau-transactions.com\/#website","url":"https:\/\/brosseau-transactions.com\/","name":"Brosseau Transactions | Agence immobili\u00e8re - Fonds de commerce & Murs commerciaux","description":"","publisher":{"@id":"https:\/\/brosseau-transactions.com\/#organization"},"potentialAction":[{"@type":"SearchAction","target":{"@type":"EntryPoint","urlTemplate":"https:\/\/brosseau-transactions.com\/?s={search_term_string}"},"query-input":{"@type":"PropertyValueSpecification","valueRequired":true,"valueName":"search_term_string"}}],"inLanguage":"en-GB"},{"@type":"Organization","@id":"https:\/\/brosseau-transactions.com\/#organization","name":"Brosseau Transactions | Agence immobili\u00e8re - Fonds de commerce & Murs commerciaux","url":"https:\/\/brosseau-transactions.com\/","logo":{"@type":"ImageObject","inLanguage":"en-GB","@id":"https:\/\/brosseau-transactions.com\/#\/schema\/logo\/image\/","url":"https:\/\/brosseau-transactions.com\/wp-content\/uploads\/2026\/03\/cropped-cropped-Logo-1.jpg","contentUrl":"https:\/\/brosseau-transactions.com\/wp-content\/uploads\/2026\/03\/cropped-cropped-Logo-1.jpg","width":1095,"height":72,"caption":"Brosseau Transactions | Agence immobili\u00e8re - Fonds de commerce & Murs commerciaux"},"image":{"@id":"https:\/\/brosseau-transactions.com\/#\/schema\/logo\/image\/"},"sameAs":["https:\/\/www.facebook.com\/profile.php?id=61582190817291"]}]}},"_links":{"self":[{"href":"https:\/\/brosseau-transactions.com\/en\/wp-json\/wp\/v2\/pages\/119","targetHints":{"allow":["GET"]}}],"collection":[{"href":"https:\/\/brosseau-transactions.com\/en\/wp-json\/wp\/v2\/pages"}],"about":[{"href":"https:\/\/brosseau-transactions.com\/en\/wp-json\/wp\/v2\/types\/page"}],"author":[{"embeddable":true,"href":"https:\/\/brosseau-transactions.com\/en\/wp-json\/wp\/v2\/users\/1"}],"replies":[{"embeddable":true,"href":"https:\/\/brosseau-transactions.com\/en\/wp-json\/wp\/v2\/comments?post=119"}],"version-history":[{"count":51,"href":"https:\/\/brosseau-transactions.com\/en\/wp-json\/wp\/v2\/pages\/119\/revisions"}],"predecessor-version":[{"id":3971,"href":"https:\/\/brosseau-transactions.com\/en\/wp-json\/wp\/v2\/pages\/119\/revisions\/3971"}],"wp:attachment":[{"href":"https:\/\/brosseau-transactions.com\/en\/wp-json\/wp\/v2\/media?parent=119"}],"curies":[{"name":"wp","href":"https:\/\/api.w.org\/{rel}","templated":true}]}}